{"id":188,"date":"2025-12-17T09:30:50","date_gmt":"2025-12-17T08:30:50","guid":{"rendered":"https:\/\/golphi.bplaced.net\/kroatien\/?page_id=188"},"modified":"2026-03-25T08:59:50","modified_gmt":"2026-03-25T07:59:50","slug":"tourismus-in-kroatien","status":"publish","type":"page","link":"https:\/\/golphi.bplaced.net\/kroatien\/tourismus-in-kroatien\/","title":{"rendered":"Tourismus in Kroatien"},"content":{"rendered":"\n<div class=\"wp-block-media-text alignwide has-media-on-the-right is-stacked-on-mobile\"><div class=\"wp-block-media-text__content\">\n<h2 class=\"wp-block-heading\" style=\"line-height:1.6\">Kroatien hat mit seiner malerischen K\u00fcste eine der sch\u00f6nsten und abwechslungsreichsten Landschaften Europas. Kroatien verzaubert und fasziniert zugleich. Ein kleines Land in Europa mit unglaublicher Vielfalt das j\u00e4hrlich von tausenden Touristen aufgesucht wird.<\/h2>\n<\/div><figure class=\"wp-block-media-text__media\"><img loading=\"lazy\" decoding=\"async\" width=\"1024\" height=\"536\" src=\"https:\/\/golphi.bplaced.net\/kroatien\/wp-content\/uploads\/2025\/12\/kueste-1024x536.jpg\" alt=\"\" class=\"wp-image-189 size-full\" srcset=\"https:\/\/golphi.bplaced.net\/kroatien\/wp-content\/uploads\/2025\/12\/kueste-1024x536.jpg 1024w, https:\/\/golphi.bplaced.net\/kroatien\/wp-content\/uploads\/2025\/12\/kueste-300x157.jpg 300w, https:\/\/golphi.bplaced.net\/kroatien\/wp-content\/uploads\/2025\/12\/kueste-768x402.jpg 768w, https:\/\/golphi.bplaced.net\/kroatien\/wp-content\/uploads\/2025\/12\/kueste-1536x805.jpg 1536w, https:\/\/golphi.bplaced.net\/kroatien\/wp-content\/uploads\/2025\/12\/kueste-2048x1073.jpg 2048w\" sizes=\"auto, (max-width: 1024px) 100vw, 1024px\" \/><\/figure><\/div>\n\n\n\n<div style=\"height:3rem\" aria-hidden=\"true\" class=\"wp-block-spacer\"><\/div>\n\n\n\n<div class=\"wp-block-group has-global-padding is-layout-constrained wp-block-group-is-layout-constrained\">\n<h2 class=\"wp-block-heading\">Lassen Sie sich vom S\u00fcden verzaubern<\/h2>\n\n\n\n<figure class=\"wp-block-embed is-type-video is-provider-youtube wp-block-embed-youtube wp-embed-aspect-16-9 wp-has-aspect-ratio\" style=\"margin-top:0rem;margin-bottom:3rem\"><div class=\"wp-block-embed__wrapper\">\n<iframe loading=\"lazy\" title=\"Die 13 UNGLAUBLICHSTEN Orte Kroatiens  \ud83c\udded\ud83c\uddf7\" width=\"500\" height=\"281\" src=\"https:\/\/www.youtube.com\/embed\/mTymGXaXs4o?feature=oembed\" frameborder=\"0\" allow=\"accelerometer; autoplay; clipboard-write; encrypted-media; gyroscope; picture-in-picture; web-share\" referrerpolicy=\"strict-origin-when-cross-origin\" allowfullscreen><\/iframe>\n<\/div><figcaption class=\"wp-element-caption\">Urlaub in Kroatien verzaubert<\/figcaption><\/figure>\n\n\n\n<div class=\"wp-block-group has-global-padding is-layout-constrained wp-block-group-is-layout-constrained\">\n<h2 class=\"wp-block-heading\">Urlaubsregionen in Kroatien<\/h2>\n\n\n\n<p style=\"text-decoration:underline\"><a href=\"https:\/\/www.istra.hr\/de\" target=\"_blank\" rel=\"noreferrer noopener\">Istrien<\/a><\/p>\n\n\n\n<p style=\"text-decoration:underline\">Kvarner <a href=\"https:\/\/www.kroati.de\/kroatien-kvarner\/reisefuehrer.html\" target=\"_blank\" rel=\"noreferrer noopener\">Bucht<\/a><\/p>\n\n\n\n<p style=\"text-decoration:underline\">Dalmatien<\/p>\n<\/div>\n<\/div>\n\n\n\n<!--nextpage-->\n\n\n\n<div class=\"wp-block-columns alignwide is-layout-flex wp-container-core-columns-is-layout-28f84493 wp-block-columns-is-layout-flex\">\n<div class=\"wp-block-column is-layout-flow wp-block-column-is-layout-flow\">\n<h2 class=\"wp-block-heading\">Wundersch\u00f6nes Kroatien<\/h2>\n\n\n\n<p>Die historischen Sehensw\u00fcrdigkeiten und die idyllischen K\u00fcstenst\u00e4dte verleihen Kroatien ein Flair von mittelalterlicher Sch\u00f6nheit.<\/p>\n\n\n\n<p>Es gibt unz\u00e4hlige St\u00e4dte in Kroatien, wie zum Beispiel Pula, Rijeka, Opatija, Krk, Zadar, Vodice, Sibenik, die ihre G\u00e4ste zum Staunen bringen.<\/p>\n\n\n\n<p>Die kroatischen Str\u00e4nde geben aber dem Land eine unverwechselbare Sch\u00f6nheit.<\/p>\n<\/div>\n\n\n\n<div class=\"wp-block-column is-layout-flow wp-block-column-is-layout-flow\">\n<figure class=\"wp-block-pullquote\"><blockquote><p>Kroatien fasziniert und verzaubert zugleich. Ein kleines Land in Europa mit unglaublicher Vielfalt.<\/p><\/blockquote><\/figure>\n<\/div>\n\n\n\n<div class=\"wp-block-column is-layout-flow wp-block-column-is-layout-flow\">\n<p>An der langgezogenen K\u00fcste findet man endlos lange Sandstr\u00e4nde, wei\u00dfe Kieselbuchten, sowie einsame Felsbuchten. Dort kann man die Reinheit, das tiefe Blau des Meeres und das glasklare Wasser der Adria genie\u00dfen.<\/p>\n\n\n\n<p>J\u00e4hrlich lassen sich unz\u00e4hlige Tourist:innen von malerischen Meeresbuchten, Naturparadiesen, dem reichen Kulturerbe und der Gastfreundschaft der Bev\u00f6lkerung verzaubern und besuchen das Land der 1000 Inseln.<\/p>\n<\/div>\n<\/div>\n\n\n\n<hr class=\"wp-block-separator has-alpha-channel-opacity is-style-wide is-style-wide--1\"\/>\n\n\n\n<div style=\"height:3rem\" aria-hidden=\"true\" class=\"wp-block-spacer\"><\/div>\n\n\n\n<div class=\"wp-block-group has-global-padding is-layout-constrained wp-block-group-is-layout-constrained\"><\/div>\n","protected":false},"excerpt":{"rendered":"<p>Kroatien hat mit seiner malerischen K\u00fcste eine der sch\u00f6nsten und abwechslungsreichsten Landschaften Europas. Kroatien verzaubert und fasziniert zugleich. Ein kleines Land in Europa mit unglaublicher Vielfalt das j\u00e4hrlich von tausenden Touristen aufgesucht wird. Lassen Sie sich vom S\u00fcden verzaubern Urlaubsregionen in Kroatien Istrien Kvarner Bucht Dalmatien<\/p>\n","protected":false},"author":1,"featured_media":227,"parent":0,"menu_order":2,"comment_status":"closed","ping_status":"closed","template":"","meta":{"footnotes":""},"class_list":["post-188","page","type-page","status-publish","has-post-thumbnail","hentry"],"_links":{"self":[{"href":"https:\/\/golphi.bplaced.net\/kroatien\/wp-json\/wp\/v2\/pages\/188","targetHints":{"allow":["GET"]}}],"collection":[{"href":"https:\/\/golphi.bplaced.net\/kroatien\/wp-json\/wp\/v2\/pages"}],"about":[{"href":"https:\/\/golphi.bplaced.net\/kroatien\/wp-json\/wp\/v2\/types\/page"}],"author":[{"embeddable":true,"href":"https:\/\/golphi.bplaced.net\/kroatien\/wp-json\/wp\/v2\/users\/1"}],"replies":[{"embeddable":true,"href":"https:\/\/golphi.bplaced.net\/kroatien\/wp-json\/wp\/v2\/comments?post=188"}],"version-history":[{"count":1,"href":"https:\/\/golphi.bplaced.net\/kroatien\/wp-json\/wp\/v2\/pages\/188\/revisions"}],"predecessor-version":[{"id":190,"href":"https:\/\/golphi.bplaced.net\/kroatien\/wp-json\/wp\/v2\/pages\/188\/revisions\/190"}],"wp:featuredmedia":[{"embeddable":true,"href":"https:\/\/golphi.bplaced.net\/kroatien\/wp-json\/wp\/v2\/media\/227"}],"wp:attachment":[{"href":"https:\/\/golphi.bplaced.net\/kroatien\/wp-json\/wp\/v2\/media?parent=188"}],"curies":[{"name":"wp","href":"https:\/\/api.w.org\/{rel}","templated":true}]}}